{"id":1212,"date":"2021-03-29T21:18:31","date_gmt":"2021-03-29T20:18:31","guid":{"rendered":"https:\/\/ilcaffedifrancesco.com\/?page_id=1212"},"modified":"2021-03-30T18:52:42","modified_gmt":"2021-03-30T17:52:42","slug":"aviso-legal","status":"publish","type":"page","link":"https:\/\/ilcaffedifrancesco.com\/es\/aviso-legal\/","title":{"rendered":"Aviso legal"},"content":{"rendered":"<p>[vc_row css_animation=\u00bb\u00bb row_type=\u00bbrow\u00bb use_row_as_full_screen_section=\u00bbno\u00bb type=\u00bbfull_width\u00bb angled_section=\u00bbno\u00bb text_align=\u00bbleft\u00bb background_image_as_pattern=\u00bbwithout_pattern\u00bb][vc_column][vc_column_text]<\/p>\n<h1 style=\"text-align: center;\">AVISO LEGAL<\/h1>\n<p>&nbsp;<\/p>\n<p>Al utilizar esta p\u00e1gina web, el Usuario reconoce haber le\u00eddo y entendido todas las condiciones de este contrato y las acepta junto con sus t\u00e9rminos. El uso del Servicio por parte del Usuario debe ser justo, aceptando las condiciones del contrato. Cafeworld SL como propietario de esta web, se reserva el derecho de cambiar cualquier t\u00e9rmino o condici\u00f3n cuando lo crea conveniente. Estos cambios se considerar\u00e1n aceptados por el Usuario si \u00e9ste contin\u00faa utilizando el Servicio despu\u00e9s de las dos semanas desde la fecha de publicaci\u00f3n de estos cambios.<\/p>\n<p>Cafeworld SL no ser\u00e1 responsable, en ning\u00fan caso y en ning\u00fan momento, de los contenidos, fotograf\u00edas y gr\u00e1ficos que aparecen en la p\u00e1gina web, ya que su funci\u00f3n es informativa, propia de un canal de comunicaci\u00f3n.<\/p>\n<p>&nbsp;<\/p>\n<h2>1. PROPIEDAD<\/h2>\n<p>En cumplimiento de la Ley 34\/2002, de 11 de julio, de servicios de la sociedad de la informaci\u00f3n y de comercio electr\u00f3nico, Cafeworld SL le informa que es titular de la p\u00e1gina web www.ilcaffedifrancesco.com. De acuerdo con la exigencia del art\u00edculo 10 de la mencionada Ley, Cafeworld SL notifica los siguientes datos: El titular de esta p\u00e1gina web es Cafeworld SL, con CIF B60881216 y domicilio social en Cafeworld SL, calle Proven\u00e7a 98, 4\u00ba, 08008 Barcelona. La direcci\u00f3n de correo electr\u00f3nico de contacto con la empresa es icdf@ilcaffedifrancesco.com.<\/p>\n<p>Todo el contenido que aparece en esta web, as\u00ed como la informaci\u00f3n, las im\u00e1genes, el dise\u00f1o gr\u00e1fico, los contenidos creativos y est\u00e9ticos, los \u00edndices y c\u00f3digos fuente en cualquiera de los tipos de lenguaje de programaci\u00f3n utilizados son una obra, la propiedad intelectual pertenece a sus autores y est\u00e1 protegida por los derechos de autor o copyright \u00a9. Asimismo, todas las descripciones, noticias e informes de esta web, junto con la informaci\u00f3n que incluyen, cedidas por terceros, son propiedad de sus autores y tambi\u00e9n est\u00e1n protegidas por los derechos de autor y copyright \u00a9.<\/p>\n<p>Queda prohibida la reproducci\u00f3n, imitaci\u00f3n, modificaci\u00f3n, distribuci\u00f3n y \/ o transformaci\u00f3n de los contenidos de esta web y cualquier otro acto que contravenga los derechos de autor y de propiedad industrial.<\/p>\n<p>La informaci\u00f3n de esta p\u00e1gina web s\u00f3lo la podr\u00e1n utilizar las personas expresamente autorizadas por los autores.<\/p>\n<p>Cualquier vulneraci\u00f3n de los derechos de autor y de propiedad industrial contenidos en esta web, as\u00ed como la infracci\u00f3n de la normativa que los protege establecida en el texto refundido de la Ley de Propiedad Intelectual, legislaci\u00f3n referente a la protecci\u00f3n de patentes y marcas, y cualquier otra normativa nacional y comunitaria, conllevar\u00e1 las responsabilidades civiles y \/ o penales que correspondan en cada caso.<\/p>\n<p>&nbsp;<\/p>\n<h2>2. USO Y RESTRICCIONES<\/h2>\n<p>Usted tendr\u00e1 el derecho a descargarse los materiales que contenga esta p\u00e1gina web a un ordenador personal individual y realizar impresiones de los materiales de la p\u00e1gina web, s\u00f3lo para uso personal.<\/p>\n<p>El uso en otras direcciones de Internet de los materiales incluidos en esta p\u00e1gina web queda terminantemente prohibido, salvo por autorizaci\u00f3n expresa de Cafeworld SL<\/p>\n<p>&nbsp;<\/p>\n<h2>3. RENUNCIA<\/h2>\n<p>Esta p\u00e1gina web y sus contenidos se proporcionan sin ninguna declaraci\u00f3n o garant\u00eda, garant\u00eda de cualquier tipo. Cafeworld SL no aceptar\u00e1 ninguna declaraci\u00f3n o garant\u00eda, incluyendo, como ejemplo, pero sin limitarse a ello, la aptitud para un prop\u00f3sito determinado, siempre que lo permitan las leyes aplicables. Adem\u00e1s, Cafeworld SL no declara ni garantiza que la informaci\u00f3n y \/ o los recursos accesibles a trav\u00e9s de la p\u00e1gina web sean exactos, completos o actuales, o que esta p\u00e1gina web no tenga defectos, incluyendo, pero sin limitarse a , virus u otros elementos perjudiciales ni se hace responsable del contenido de las p\u00e1ginas web a las que pueda acceder el usuario a trav\u00e9s de los enlaces establecidos en la p\u00e1gina web y declara que, en ning\u00fan caso, proceder\u00e1 a examinar o ejercer ning\u00fan tipo de control sobre el contenido de otras p\u00e1ginas de la red. Cafeworld SL declara haber adoptado las medidas necesarias para evitar cualquier da\u00f1o que, a los usuarios de su p\u00e1gina web, pueda derivarse de la navegaci\u00f3n por sus p\u00e1ginas web. En consecuencia, Cafeworld SL no se hace responsable, en ning\u00fan caso, de los eventuales da\u00f1os que pueda sufrir el usuario debido a la navegaci\u00f3n por Internet. Usted se har\u00e1 cargo de todos los gastos que resulten de la utilizaci\u00f3n de esta p\u00e1gina web.<\/p>\n<p>&nbsp;<\/p>\n<h2>4. LIMITACI\u00d3N DE RESPONSABILIDAD<\/h2>\n<p>Siempre que lo permitan las leyes aplicables, ni Cafeworld SL ni ninguno de sus respectivos directores, empleados, afiliados u otros representantes o distribuidores, ser\u00e1n responsables de las p\u00e9rdidas o da\u00f1os derivados de o relacionados con el uso de, o la imposibilidad de uso , de los materiales y \/ o recursos o servicios proporcionados a trav\u00e9s de esta p\u00e1gina web, incluyendo, pero sin limitarse a ello, las p\u00e9rdidas o da\u00f1os indirectos, especiales o derivados, p\u00e9rdida de informaci\u00f3n, ingresos, beneficios u oportunidades , p\u00e9rdidas o da\u00f1os a la propiedad y demandas de terceros. Si esta cl\u00e1usula no se puede ejecutar completamente o en parte en ninguna jurisdicci\u00f3n debido a sus respectivas leyes, entonces, siempre que lo permitan estas leyes, la responsabilidad de Caf\u00e9 Francesco SL por las p\u00e9rdidas, da\u00f1os y demandas (ya sean contractuales, extracontractuales -incluyendo, pero sin limitarse a ello, la negligencia- o de cualquier otro tipo) no superar\u00e1 en ning\u00fan caso la cantidad que ya haya pagado por el acceso a la p\u00e1gina web.<\/p>\n<p>&nbsp;<\/p>\n<h2>5. MODIFICACIONES<\/h2>\n<p>Cafeworld SL se reserva el derecho a realizar las modificaciones que considere oportunas, sin aviso previo, en el contenido de su p\u00e1gina web. Tanto en lo referente a los contenidos de la p\u00e1gina web, como sus condiciones de uso o en las condiciones generales de contrataci\u00f3n. Estas modificaciones podr\u00e1n realizarse, a trav\u00e9s de su p\u00e1gina web, de cualquier forma admisible en derecho y ser\u00e1n de obligado cumplimiento durante el tiempo que est\u00e9n publicadas en la web y hasta que no sean modificadas v\u00e1lidamente por otras posteriores.<\/p>\n<p>&nbsp;<\/p>\n<h2>6. RESERVA DE GALLETAS<\/h2>\n<p>Cafeworld SL se reserva el derecho de utilizar cookies en la navegaci\u00f3n del usuario por su p\u00e1gina web para facilitar la personalizaci\u00f3n y comodidad de la navegaci\u00f3n. Siguiendo la pol\u00edtica de protecci\u00f3n de datos de la empresa, Cafeworld SL informa que las cookies se asocian al usuario an\u00f3nimo ya su ordenador y no proporcionan por s\u00ed mismas ni el nombre ni los apellidos del usuario.<\/p>\n<p>El usuario tiene la posibilidad de configurar su navegador de manera que sea informado de la recepci\u00f3n de cookies, con la posibilidad, si as\u00ed lo desea, impedir que se instalen en su disco duro. Sin embargo, para acceder a la p\u00e1gina web de Cafeworld SL no es preceptiva la instalaci\u00f3n de cookies.<\/p>\n<p>&nbsp;<\/p>\n<h2>7. ACCIONES LEGALES, LEGISLACI\u00d3N APLICABLE Y JURISDICCI\u00d3N<\/h2>\n<p>Asimismo, Cafeworld SL se reserva la facultad de presentar las acciones civiles o penales que considere oportunas por la utilizaci\u00f3n indebida de sus p\u00e1ginas web y contenidos o por el incumplimiento de estas condiciones. La relaci\u00f3n entre el usuario y Cafeworld SL se regir\u00e1 por la normativa espa\u00f1ola vigente y ser\u00e1n competentes para decidir sobre cualquier controversia que pueda surgir entre el usuario y Cafeworld SL, los juzgados o tribunales de la localidad de Barcelona.<\/p>\n<p>&nbsp;<\/p>\n<h2>8. MISCEL\u00c1NEA<\/h2>\n<p>Cualquier renuncia a una disposici\u00f3n de estas condiciones debe hacerse por escrito y debe estar firmada por Cafeworld SL, para que sea v\u00e1lida. Esta renuncia no significar\u00e1 una renuncia continuada en la misma disposici\u00f3n en un futuro. Si alguno de los tribunales competentes cree que alguna disposici\u00f3n de estas condiciones no es v\u00e1lida o no ejecutable por alg\u00fan motivo, esta no ser\u00e1 eficaz en los t\u00e9rminos estimados por los tribunales pero sin afectar a la validez y ejecutividad de cualquiera de las disposiciones restantes. Estas condiciones constituyen el acuerdo total y completo entre las partes con relaci\u00f3n al objeto de las presentes condiciones y prevalece sobre cualquier declaraci\u00f3n, consenso o acuerdo previo, sea oral o escrito, s\u00f3lo se podr\u00e1n modificar por escrito y deber\u00e1n estar firmados por usted y por Cafeworld SL.<\/p>\n<p>Esta p\u00e1gina web es la \u00fanica p\u00e1gina web oficial de Il Caff\u00e8 di Francesco y es propiedad de Cafeworld SL Todos los derechos quedan reservados. No se permite ninguna reproducci\u00f3n, adaptaci\u00f3n, distribuci\u00f3n o transmisi\u00f3n comercial de ninguna parte o partes de esta p\u00e1gina web ni de la informaci\u00f3n contenida por ning\u00fan medio, sin el previo consentimiento por escrito de Cafeworld SL.[\/vc_column_text][vc_empty_space][\/vc_column][\/vc_row]<\/p>\n","protected":false},"excerpt":{"rendered":"<p>[vc_row css_animation=\u00bb\u00bb row_type=\u00bbrow\u00bb use_row_as_full_screen_section=\u00bbno\u00bb type=\u00bbfull_width\u00bb angled_section=\u00bbno\u00bb text_align=\u00bbleft\u00bb background_image_as_pattern=\u00bbwithout_pattern\u00bb][vc_column][vc_column_text] AVISO LEGAL &nbsp; Al utilizar esta p\u00e1gina web, el Usuario reconoce haber le\u00eddo y entendido todas las condiciones de este contrato y las acepta junto con sus t\u00e9rminos. El uso del Servicio por parte del Usuario debe&#8230;<\/p>\n","protected":false},"author":1,"featured_media":0,"parent":0,"menu_order":0,"comment_status":"closed","ping_status":"open","template":"","meta":{"footnotes":""},"yoast_head":"<!-- This site is optimized with the Yoast SEO plugin v16.1.1 - https:\/\/yoast.com\/wordpress\/plugins\/seo\/ -->\n<link rel=\"canonical\" href=\"https:\/\/ilcaffedifrancesco.com\/es\/aviso-legal\/\" \/>\n<meta property=\"og:locale\" content=\"es_ES\" \/>\n<meta property=\"og:type\" content=\"article\" \/>\n<meta property=\"og:title\" content=\"Aviso legal - Il Caff\u00e8 di Francesco\" \/>\n<meta property=\"og:description\" content=\"[vc_row css_animation=\u00bb\u00bb row_type=\u00bbrow\u00bb use_row_as_full_screen_section=\u00bbno\u00bb type=\u00bbfull_width\u00bb angled_section=\u00bbno\u00bb text_align=\u00bbleft\u00bb background_image_as_pattern=\u00bbwithout_pattern\u00bb][vc_column][vc_column_text] AVISO LEGAL &nbsp; Al utilizar esta p\u00e1gina web, el Usuario reconoce haber le\u00eddo y entendido todas las condiciones de este contrato y las acepta junto con sus t\u00e9rminos. El uso del Servicio por parte del Usuario debe...\" \/>\n<meta property=\"og:url\" content=\"https:\/\/ilcaffedifrancesco.com\/es\/aviso-legal\/\" \/>\n<meta property=\"og:site_name\" content=\"Il Caff\u00e8 di Francesco\" \/>\n<meta property=\"article:modified_time\" content=\"2021-03-30T17:52:42+00:00\" \/>\n<meta name=\"twitter:card\" content=\"summary_large_image\" \/>\n<script type=\"application\/ld+json\" class=\"yoast-schema-graph\">{\"@context\":\"https:\/\/schema.org\",\"@graph\":[{\"@type\":\"WebSite\",\"@id\":\"https:\/\/ilcaffedifrancesco.com\/#website\",\"url\":\"https:\/\/ilcaffedifrancesco.com\/\",\"name\":\"Il Caff\\u00e8 di Francesco\",\"description\":\"El caf\\u00e8 a Barcelona des de 1992\",\"potentialAction\":[{\"@type\":\"SearchAction\",\"target\":\"https:\/\/ilcaffedifrancesco.com\/?s={search_term_string}\",\"query-input\":\"required name=search_term_string\"}],\"inLanguage\":\"es\"},{\"@type\":\"WebPage\",\"@id\":\"https:\/\/ilcaffedifrancesco.com\/es\/aviso-legal\/#webpage\",\"url\":\"https:\/\/ilcaffedifrancesco.com\/es\/aviso-legal\/\",\"name\":\"Aviso legal - Il Caff\\u00e8 di Francesco\",\"isPartOf\":{\"@id\":\"https:\/\/ilcaffedifrancesco.com\/#website\"},\"datePublished\":\"2021-03-29T20:18:31+00:00\",\"dateModified\":\"2021-03-30T17:52:42+00:00\",\"breadcrumb\":{\"@id\":\"https:\/\/ilcaffedifrancesco.com\/es\/aviso-legal\/#breadcrumb\"},\"inLanguage\":\"es\",\"potentialAction\":[{\"@type\":\"ReadAction\",\"target\":[\"https:\/\/ilcaffedifrancesco.com\/es\/aviso-legal\/\"]}]},{\"@type\":\"BreadcrumbList\",\"@id\":\"https:\/\/ilcaffedifrancesco.com\/es\/aviso-legal\/#breadcrumb\",\"itemListElement\":[{\"@type\":\"ListItem\",\"position\":1,\"item\":{\"@type\":\"WebPage\",\"@id\":\"https:\/\/ilcaffedifrancesco.com\/es\/\",\"url\":\"https:\/\/ilcaffedifrancesco.com\/es\/\",\"name\":\"Inici\"}},{\"@type\":\"ListItem\",\"position\":2,\"item\":{\"@type\":\"WebPage\",\"@id\":\"https:\/\/ilcaffedifrancesco.com\/es\/aviso-legal\/\",\"url\":\"https:\/\/ilcaffedifrancesco.com\/es\/aviso-legal\/\",\"name\":\"Aviso legal\"}}]}]}<\/script>\n<!-- \/ Yoast SEO plugin. -->","_links":{"self":[{"href":"https:\/\/ilcaffedifrancesco.com\/es\/wp-json\/wp\/v2\/pages\/1212"}],"collection":[{"href":"https:\/\/ilcaffedifrancesco.com\/es\/wp-json\/wp\/v2\/pages"}],"about":[{"href":"https:\/\/ilcaffedifrancesco.com\/es\/wp-json\/wp\/v2\/types\/page"}],"author":[{"embeddable":true,"href":"https:\/\/ilcaffedifrancesco.com\/es\/wp-json\/wp\/v2\/users\/1"}],"replies":[{"embeddable":true,"href":"https:\/\/ilcaffedifrancesco.com\/es\/wp-json\/wp\/v2\/comments?post=1212"}],"version-history":[{"count":4,"href":"https:\/\/ilcaffedifrancesco.com\/es\/wp-json\/wp\/v2\/pages\/1212\/revisions"}],"predecessor-version":[{"id":1239,"href":"https:\/\/ilcaffedifrancesco.com\/es\/wp-json\/wp\/v2\/pages\/1212\/revisions\/1239"}],"wp:attachment":[{"href":"https:\/\/ilcaffedifrancesco.com\/es\/wp-json\/wp\/v2\/media?parent=1212"}],"curies":[{"name":"wp","href":"https:\/\/api.w.org\/{rel}","templated":true}]}}